{"id":25,"date":"2019-09-14T19:00:19","date_gmt":"2019-09-14T17:00:19","guid":{"rendered":"http:\/\/cinemovel.tv\/memo\/?page_id=25"},"modified":"2019-09-18T15:44:47","modified_gmt":"2019-09-18T13:44:47","slug":"progetto","status":"publish","type":"page","link":"https:\/\/cinemovel.tv\/memo\/progetto\/","title":{"rendered":"Progetto"},"content":{"rendered":"<h2><span style=\"font-size: 18pt;\">MeMo &#8211; Memorie in movimento<\/span><\/h2>\n<p><a href=\"http:\/\/memorieinmovimento.it\" target=\"_blank\" rel=\"noopener noreferrer\"><strong>Memo<\/strong><\/a> \u00e8 un percorso didattico multimediale, ideato da <strong>Cinemovel Foundation<\/strong>, che nasce nel <strong>2018<\/strong> a Galbiate, in provincia di Lecco, all\u2019interno di una villetta confiscata negli anni \u201990 alla famiglia \u2018ndranghetista dei Coco Trovato e restituita alla comunit\u00e0 nel 2004 come <strong>centro diurno per anziani<\/strong> \u201c<strong>Le Querce di Mamre<\/strong>\u201d, gestito dalla <strong>Cooperativa L\u2019Arcobaleno<\/strong>. Il percorso, rivolto agli studenti e alla comunit\u00e0, d\u00e0 voce al bene confiscato e alle sue storie, ai temi della legalit\u00e0, della memoria, dell\u2019impegno, dell\u2019incontro tra generazioni.<\/p>\n<p><img loading=\"lazy\" class=\"alignnone wp-image-29 size-full\" src=\"http:\/\/cinemovel.tv\/memo\/wp-content\/uploads\/2019\/09\/MIN0709_memo_esterno.jpg\" alt=\"\" width=\"1200\" height=\"800\" srcset=\"https:\/\/cinemovel.tv\/memo\/wp-content\/uploads\/2019\/09\/MIN0709_memo_esterno.jpg 1200w, https:\/\/cinemovel.tv\/memo\/wp-content\/uploads\/2019\/09\/MIN0709_memo_esterno-300x200.jpg 300w, https:\/\/cinemovel.tv\/memo\/wp-content\/uploads\/2019\/09\/MIN0709_memo_esterno-768x512.jpg 768w, https:\/\/cinemovel.tv\/memo\/wp-content\/uploads\/2019\/09\/MIN0709_memo_esterno-1024x683.jpg 1024w\" sizes=\"(max-width: 1200px) 100vw, 1200px\" \/><\/p>\n<p>E\u2019 a partire dalla visita al centro diurno che si sviluppa il <strong>nuovo progetto MeMo<\/strong>, con il sostegno di <strong>MIUR<\/strong> e <strong>MIBAC<\/strong>.<br \/>\nCinemovel e Libera Informazione realizzano nelle scuole <strong>2 percorsi didattici<\/strong> paralleli rivolti agli studenti del <strong>Centro di Promozione della Legalit\u00e0<\/strong> di <strong>Lecco<\/strong>, di cui l\u2019<strong>IIS G. Bertacchi<\/strong> \u00e8 capofila.<\/p>\n<p>Durante l\u2019orario scolastico gli studenti di 6 classi diventeranno protagonisti di un <strong>percorso di ricerca-azione<\/strong> e della scelta dei\u00a0 temi da approfondire. Chiave di lettura della realt\u00e0 sono le <strong>16 carte<\/strong>, che ogni studente riceve nel primo incontro, disegnate dall\u2019<strong>artista Vito Baroncini<\/strong>. Lungo tutto il percorso saranno accompagnati e stimolati da esperti, giornalisti e registi da cui impareranno ad analizzare, studiare e capire i linguaggi e le diverse grammatiche che caratterizzano e distinguono fiction e realt\u00e0.<\/p>\n<p>Nel pomeriggio 25 studenti, guidati da <strong>Libera informazione<\/strong>, daranno vita a una <strong>redazione multimediale<\/strong>. Da video interviste e dall\u2019incontro con diversi giornalisti impareranno come rintracciare e selezionare le notizie per comprendere le informazioni che li circondano e come e con quali strumenti raccontare un territorio. I temi centrali saranno memorie e mafie al nord, con lo scopo di ampliare e condividere i contenuti di MeMo.<\/p>\n<p>Entrambi i percorsi si pongono come punto di partenza per sostenere una discussione e uno scambio tra studenti e comunit\u00e0, avvicinando e sensibilizzando la collettivit\u00e0 ai temi della legalit\u00e0, della cittadinanza attiva e dei diritti. La narrazione dei percorsi educativi avr\u00e0 spazio in questa <strong>piattaforma<\/strong> che raccoglie le opinioni, i pensieri e le ricerche degli <strong>studenti<\/strong>, costruendo una <strong>libreria multimediale<\/strong>.<\/p>\n<p>&nbsp;<\/p>\n<p><a href=\"#\" target=\"_blank\" rel=\"noopener noreferrer\"><strong>SCARICA IL KIT DIDATTICO<\/strong><\/a><\/p>\n<p>&nbsp;<\/p>\n","protected":false},"excerpt":{"rendered":"<p>MeMo &#8211; Memorie in movimento Memo \u00e8 un percorso didattico multimediale, ideato da Cinemovel Foundation, che nasce nel 2018 a<\/p>\n","protected":false},"author":1,"featured_media":0,"parent":0,"menu_order":0,"comment_status":"closed","ping_status":"closed","template":"","meta":{"_links_to":"","_links_to_target":""},"_links":{"self":[{"href":"https:\/\/cinemovel.tv\/memo\/wp-json\/wp\/v2\/pages\/25"}],"collection":[{"href":"https:\/\/cinemovel.tv\/memo\/wp-json\/wp\/v2\/pages"}],"about":[{"href":"https:\/\/cinemovel.tv\/memo\/wp-json\/wp\/v2\/types\/page"}],"author":[{"embeddable":true,"href":"https:\/\/cinemovel.tv\/memo\/wp-json\/wp\/v2\/users\/1"}],"replies":[{"embeddable":true,"href":"https:\/\/cinemovel.tv\/memo\/wp-json\/wp\/v2\/comments?post=25"}],"version-history":[{"count":4,"href":"https:\/\/cinemovel.tv\/memo\/wp-json\/wp\/v2\/pages\/25\/revisions"}],"predecessor-version":[{"id":30,"href":"https:\/\/cinemovel.tv\/memo\/wp-json\/wp\/v2\/pages\/25\/revisions\/30"}],"wp:attachment":[{"href":"https:\/\/cinemovel.tv\/memo\/wp-json\/wp\/v2\/media?parent=25"}],"curies":[{"name":"wp","href":"https:\/\/api.w.org\/{rel}","templated":true}]}}