{"id":596,"date":"2019-08-21T17:06:50","date_gmt":"2019-08-21T15:06:50","guid":{"rendered":"https:\/\/cinemovel.tv\/sic\/?page_id=596"},"modified":"2019-08-21T17:06:50","modified_gmt":"2019-08-21T15:06:50","slug":"ambiente-e-sostenibilita-2","status":"publish","type":"page","link":"https:\/\/cinemovel.tv\/sic\/2019\/film\/ambiente-e-sostenibilita-2\/","title":{"rendered":"Ambiente e sostenibilit\u00e0"},"content":{"rendered":"<h1>Biutiful Cauntri<\/h1>\n<p>di <strong>Esmeralda Calabria<\/strong>,<strong> Peppe Ruggiero<\/strong> e<strong> Andrea D\u2019Ambrosio<\/strong><br \/>\ncon Raffaele Del Giudice, Salvatore Napoletano, Mario Gerlando, Patrizia Gerlando<br \/>\nItalia, 2007. 83 min.<\/p>\n<p><iframe loading=\"lazy\" title=\"TRAILER BIUTIFIL CAUNTRI\" width=\"640\" height=\"480\" src=\"https:\/\/www.youtube.com\/embed\/j0bfFVveYTY?feature=oembed\" frameborder=\"0\" allow=\"accelerometer; autoplay; encrypted-media; gyroscope; picture-in-picture\" allowfullscreen><\/iframe><\/p>\n<p>Italia: il Bel Paese. E proprio di bellezza che si parla in questo documentario: la bellezza schiacciata, la bellezza dimenticata, la bellezza non vista. Siamo in Campania, in una delle regioni pi\u00f9 incantevoli della nostra penisola. Nonostante questo l\u2019eco-mafia \u201cla fa da padrona\u201d. Il racconto di Esmeralda Calabria, Peppe Ruggiero e Andrea D\u2019Ambrosio vuole raccontare, invece, la storia di un impegno civile, di chi lotta contro i crimini che vengono commessi in questa terra e che avvelenano tutti: agnelli, pastori, agricoltori, prodotti che conquistano le nostre tavole. Come resistere e non accettare le discariche abusive e i reati ambientali in un Paese in cui la connivenza tra politica e imprenditoria \u00e8 forte, dove non ci sono controlli, dove la stampa \u00e8 in silenzio?<\/p>\n<hr \/>\n<h1>Before the flood<\/h1>\n<p>di <strong>Fisher Stevens<\/strong><br \/>\ncon Bill Clinton, Leonardo DiCaprio, John Kerry, Barack Obama<br \/>\nUSA, 2016. 93 min.<\/p>\n<p><iframe loading=\"lazy\" title=\"Before the Flood - Trailer | National Geographic\" width=\"640\" height=\"360\" src=\"https:\/\/www.youtube.com\/embed\/D9xFFyUOpXo?feature=oembed\" frameborder=\"0\" allow=\"accelerometer; autoplay; encrypted-media; gyroscope; picture-in-picture\" allowfullscreen><\/iframe><\/p>\n<p>Before the flood inizia con l\u2019opera di Bosch \u201cIl trittico delle delizie\u201d: opera complessa, enigmatica, che sembra narrare il destino dell\u2019umanit\u00e0. E cos\u00ec Leonardo Di Caprio, attivista ecologista e messaggero di pace delle Nazioni Uniti, intervista persone per capire qual \u00e8 il ruolo delle istituzioni nel cambiamento climatico. Cosa possono fare i paesi sviluppati per impedire la scomparsa delle specie in via d\u2019estinzione, per mantenere vivi i variegati ecosistemi della Terra? Dai ghiacciai della Groenlandia alle foreste tropicali: quali sono i danni che l\u2019uomo sta provocando? Un documentario ambientale denso di informazioni, istruttivo e diretto.<\/p>\n<hr \/>\n<h1>Vento di Soave<\/h1>\n<p>di <strong>Corrado Punzi<\/strong><br \/>\nItalia, 2017. 77 min.<\/p>\n<p><iframe loading=\"lazy\" title=\"Vento di soave - trailer\" src=\"https:\/\/player.vimeo.com\/video\/241303349?dnt=1&amp;app_id=122963\" width=\"640\" height=\"360\" frameborder=\"0\" allow=\"autoplay; fullscreen\" allowfullscreen><\/iframe><\/p>\n<p>Un\u2019ispirazione dantesca per Vento di Soave, storie di ostinata ma contraddittoria opposizione al gigante industriale. I giganti in questione sono le Centrali della zona industriale brindisina: il petrolchimico Eni e la centrale a carbone Enel, situata a Cerano. Il regista osserva da vicino, e per la prima volta anche da dentro. Raccontando un problema cruciale dei nostri giorni: il conflitto moderno tra progresso e danni ambientali e sociosanitari. Osservare Brindisi, quindi, significa soltanto osservare l\u2019archetipo di un modello di sviluppo insostenibile, perseguito in diversi Sud del mondo e riproposto ancora, come dimostra quello che sta avvenendo tuttora nello stesso territorio salentino con la costruzione del gasdotto Tap.<\/p>\n<hr \/>\n<h1>La zuppa del demonio<\/h1>\n<p>di <strong>Davide Ferrario<\/strong><br \/>\ncon Walter Leonardi e Gianni Bissaca<br \/>\nItalia 2014. 80 min.<\/p>\n<p><iframe loading=\"lazy\" title=\"LA ZUPPA DEL DEMONIO - TRAILER UFFICIALE - DALL&#039;11 SETTEMBRE AL CINEMA\" width=\"640\" height=\"360\" src=\"https:\/\/www.youtube.com\/embed\/gXidmk-H2FU?feature=oembed\" frameborder=\"0\" allow=\"accelerometer; autoplay; encrypted-media; gyroscope; picture-in-picture\" allowfullscreen><\/iframe><\/p>\n<p>In questo documentario Davide Ferrario parla attraverso il montaggio di film industriali provenienti dall\u2019Archivio del Cinema Nazionale d\u2019Impresa di Ivrea. Le immagini vengono accompagnate dalle parole di Primo Levi, Calvino, Buzzati, Bocca, Bianciardi, Marinetti, Parise, Gadda. I volti degli operai, gli ulivi, le ruspe, una ex-fabbrica.\u201cIl progresso ha sempre ragione\u201d. Com\u2019era quel passato non ancora cos\u00ec lontano? La Modernit\u00e0. Il suo titolo fa riferimento a Dino Buzzati: il termine era stato usato come commento ad un documentario industriale del 1964, \u201cIl pianeta acciaio\u201d, per descrivere le lavorazioni nell\u2019altoforno. Come siamo arrivati dove siamo ora? Questa \u00e8 la domanda alla quale il regista vuole trovare una risposta. Il film ha ottenuto una candidatura ai Nastri d\u2019Argento.<\/p>\n<hr \/>\n<h1>Il sale della Terra<\/h1>\n<p>di <strong>Wim Wenders<\/strong> e <strong>Juliano Ribeiro Salgado<\/strong><br \/>\nBrasile, Italia, Francia, 2014. 100 min.<\/p>\n<p><iframe loading=\"lazy\" title=\"Il sale della terra - Trailer\" width=\"640\" height=\"360\" src=\"https:\/\/www.youtube.com\/embed\/fYx_dF7wSDc?feature=oembed\" frameborder=\"0\" allow=\"accelerometer; autoplay; encrypted-media; gyroscope; picture-in-picture\" allowfullscreen><\/iframe><\/p>\n<p>Il sale della Terra \u00e8 un\u2019esperienza travolgente, un viaggio nella vita di Sebastiao Salgado. Attraverso le sue fotografie e le sue esplorazioni il documentario ci porta in tantissimi luoghi diversi mostrandoci la bellezza della Terra e il mancato rispetto dell\u2019uomo nei suoi confronti. Salgado ha raccontato nei suoi scatti i genocidi africani, i pozzi di petrolio in Medio Oriente, i ricercatori d\u2019oro brasiliani. Co-diretto dal figlio Juliano e Wes Wenders, le immagini di questo film sono potenti e immediate, una carezza per gli occhi e allo stesso tempo un macigno per la coscienza. Il film ha ottenuto una candidatura a David di Donatello, una candidatura a Premi Oscar e ha vinto un premio ai Cesar.<\/p>\n<hr \/>\n","protected":false},"excerpt":{"rendered":"<p>Biutiful Cauntri di Esmeralda Calabria, Peppe Ruggiero e Andrea D\u2019Ambrosio con Raffaele Del Giudice, Salvatore Napoletano, Mario Gerlando, Patrizia Gerlando<\/p>\n","protected":false},"author":1,"featured_media":0,"parent":443,"menu_order":0,"comment_status":"closed","ping_status":"closed","template":"","meta":{"_links_to":"","_links_to_target":""},"aioseo_notices":[],"_links":{"self":[{"href":"https:\/\/cinemovel.tv\/sic\/2019\/wp-json\/wp\/v2\/pages\/596"}],"collection":[{"href":"https:\/\/cinemovel.tv\/sic\/2019\/wp-json\/wp\/v2\/pages"}],"about":[{"href":"https:\/\/cinemovel.tv\/sic\/2019\/wp-json\/wp\/v2\/types\/page"}],"author":[{"embeddable":true,"href":"https:\/\/cinemovel.tv\/sic\/2019\/wp-json\/wp\/v2\/users\/1"}],"replies":[{"embeddable":true,"href":"https:\/\/cinemovel.tv\/sic\/2019\/wp-json\/wp\/v2\/comments?post=596"}],"version-history":[{"count":0,"href":"https:\/\/cinemovel.tv\/sic\/2019\/wp-json\/wp\/v2\/pages\/596\/revisions"}],"up":[{"embeddable":true,"href":"https:\/\/cinemovel.tv\/sic\/2019\/wp-json\/wp\/v2\/pages\/443"}],"wp:attachment":[{"href":"https:\/\/cinemovel.tv\/sic\/2019\/wp-json\/wp\/v2\/media?parent=596"}],"curies":[{"name":"wp","href":"https:\/\/api.w.org\/{rel}","templated":true}]}}