{"id":599,"date":"2019-08-21T17:14:56","date_gmt":"2019-08-21T15:14:56","guid":{"rendered":"https:\/\/cinemovel.tv\/sic\/?page_id=599"},"modified":"2019-08-21T17:14:56","modified_gmt":"2019-08-21T15:14:56","slug":"corruzione-e-dirittii","status":"publish","type":"page","link":"https:\/\/cinemovel.tv\/sic\/2019\/film\/corruzione-e-dirittii\/","title":{"rendered":"Corruzione e diritti"},"content":{"rendered":"<h1>Fortapasc<\/h1>\n<p>di <strong>Marco Risi<\/strong><br \/>\ncon Libero de Rienzo, Valentina Lodovini, Michele Riondino, Massimiliano Gallo, Ernesto Mahieux<br \/>\nItalia, 2008, 108 min.<\/p>\n<p><iframe loading=\"lazy\" title=\"FORTAPASC - TRAILER\" width=\"640\" height=\"360\" src=\"https:\/\/www.youtube.com\/embed\/LNZ1TBBIMog?feature=oembed\" frameborder=\"0\" allow=\"accelerometer; autoplay; encrypted-media; gyroscope; picture-in-picture\" allowfullscreen><\/iframe><\/p>\n<p>Fortap\u00e0sc non \u00e8 n\u00e9 un biopic, n\u00e9 una celebrazione post mortem. Il film che Marco Risi ha dedicato agli ultimi quattro mesi di vita di Giancarlo Siani, l\u2019unico giornalista ucciso dalla Camorra, non ha nulla a che vedere con il ritratto di un eroe, un santino. Pi\u00f9 semplicemente \u00e8 un inno alla vita. Alla seriet\u00e0 di chi, a soli 26 anni, aveva gi\u00e0 la stoffa del vero giornalista e invece di accettare regali dai potenti, serviva pi\u00f9 di ogni altra cosa la verit\u00e0. Questa nobile intenzione del regista emerge con prepotenza fin dalle prime inquadrature di un\u2019opera che, oltre a denunciare, racconta. E volendo raccontare, o meglio affabulare, sceglie uno stile classico: aprendo con la voce fuori-campo del protagonista che parla della sua morte avvenuta in una sera napoletana di fine-estate. Siani si presenta immediatamente allo spettatore e risce a tenerlo accanto a s\u00e9 fino al giorno del suo assassinio, che Risi mostra appena, forse perch\u00e9 desideroso di non scivolare mai nella retorica.<\/p>\n<hr \/>\n<h1>Anime nere<\/h1>\n<p>di <strong>Francesco Munzi<\/strong><br \/>\ncon Marco Leonardi, Peppino Mazzotta, Fabrizio Ferracane, Barbora Bobulova, Anna Ferruzzo<br \/>\nItalia, Francia, 2014. 103 min.<\/p>\n<p><iframe loading=\"lazy\" title=\"&quot;Anime Nere&quot; 2014 - TRAILER UFFICIALE ITALIANO &quot;HQ&quot;\" width=\"640\" height=\"360\" src=\"https:\/\/www.youtube.com\/embed\/rV9i_6CJOTk?feature=oembed\" frameborder=\"0\" allow=\"accelerometer; autoplay; encrypted-media; gyroscope; picture-in-picture\" allowfullscreen><\/iframe><\/p>\n<p>La storia di una famiglia, tre fratelli: Luciano, Luigi e Rocco. Come in tutte le famiglie non tutti i familiari hanno modi di vivere simili. Ma questi fratelli sono legati da una forza particolare, che non permette di fare scelte libere, non fino in fondo. Il film \u00e8 ambientato in Calabria, le vicende si susseguono in un ritmo serrato e ben definito. La cupezza dei colori e degli sguardi caratterizzano il lavoro di Munzi, dettagliato e articolato con maestria. Ad Africo, Aspromonte, il figlio di Luciano, Leo, spara dei colpi sulla saracinesca di un bar. Non \u00e8 un bar qualunque, \u00e8 il bar protetto da un clan locale. Da questo gesto si innescano una serie di reazioni a catena che ci portano ad un finale che lascia senza parole. Vincitore di tre Nastri d\u2019Argento, \u201cAnime Nere\u201d \u00e8 stato premiato a Premio Amidei e a 8 e \u00bd Cinema Italiano, ha ottenuto sedici candidature e vinto nove David di Donatello e ottenuto tre candidature e vinto un premio ai Globi d\u2019oro.<\/p>\n<hr \/>\n<h1>Noi e la Giulia<\/h1>\n<p>di <strong>Edoardo Leo<\/strong><br \/>\ncon Luca Argentero, Edoardo Leo, Claudio Amendola, Anna Foglietta, Stefano Fresi, Carlo Buccirosso<br \/>\nItalia, 2015. 115 min.<\/p>\n<p><iframe loading=\"lazy\" title=\"Noi e la Giulia - Trailer Ufficiale | HD\" width=\"640\" height=\"360\" src=\"https:\/\/www.youtube.com\/embed\/_bLs1ocuL3E?feature=oembed\" frameborder=\"0\" allow=\"accelerometer; autoplay; encrypted-media; gyroscope; picture-in-picture\" allowfullscreen><\/iframe><\/p>\n<p>Edoardo Leo, in questo film, racconta alcuni dei temi pi\u00f9 salienti di questi tempi. Diego, Fausto e Claudio vogliono abbandonare la loro vita di tutti i giorni. Non si conoscono, ma li accomuna la loro insoddisfazione nei confronti della propria quotidianit\u00e0. Diego, venditore di auto; Claudio, ex gestore di una gastronomia ormai chiusa; Fausto, inseguiti dai creditori e piazzista televisivo. I tre si incontrano per caso e decidono di comprare insieme un&#8217;immobile: vogliono aprire un agriturismo. La loro avventura coinvolge anche Diego, veterocomunista fermo al &#8217;68, Elisa, donna incinta poco centrata e tre braccianti africani stagionali. Diversi problemi li inseguono: un bagno intasato, i camorristi locali che chiedono il pizzo. Il gruppo si ribeller\u00e0 al sopruso? &#8220;Noi e la Giulia&#8221; ha vinto due Nastri d&#8217;Argento, ha ottenuto sei candidature e vinto due David di Donatello e ha vinto un premio ai Globi d&#8217;oro.<\/p>\n<hr \/>\n<h1>L\u2019ora legale<\/h1>\n<p>di <strong>Salvatore Ficarra<\/strong> e <strong>Valentino Picone<\/strong><br \/>\ncon Salvatore Ficarra, Valentino Picone, Leo Gullotta, Vincenzo Amato, Tony Sperandeo<br \/>\nItalia, 2017. 92 min.<\/p>\n<p><iframe loading=\"lazy\" title=\"L&#039;Ora Legale - Trailer ufficiale - Ficarra e Picone\" width=\"640\" height=\"360\" src=\"https:\/\/www.youtube.com\/embed\/ZobYSzDjsik?feature=oembed\" frameborder=\"0\" allow=\"accelerometer; autoplay; encrypted-media; gyroscope; picture-in-picture\" allowfullscreen><\/iframe><\/p>\n<p>Ficarra e Picone impersonificano due cognati, Salvo e Valentino, gestori del chiosco della piazza principale di un paese siciliano. Alle elezioni si candida Pierpaolo Natoli, il marito della sorella di Valentino, sorella della moglie di Salvo. La campagna elettorale \u00e8 davvero impegnativa: dall\u2019altra parte lo storico sindaco della citt\u00e0 Gaetano Patan\u00e8. Il paese \u00e8 stanco dei soprusi dell\u2019ex amministratore e d\u00e0 fiducia al nuovo che avanza. I cittadini esultano, inneggiano al cambiamento, ma quando questo arriva che succede? Cosa vuol dire cambiamento? Chi cambia? E come? Le abitudini del paese cambiano, ai diritti si accompagnano i doveri e Pierpaolo Natoli si trova a discutere con favoritismi richiesti e accuse. Se la caver\u00e0 il nuovo sindaco? Un film ironico e divertente, che tra le risate e le battute, introduce spunti di riflessione interessanti.<\/p>\n<hr \/>\n<h1>Vogliamo anche le rose<\/h1>\n<p>di <strong>Alina Marazzi<\/strong><br \/>\nItalia, Svizzera, 2007. 85 min.<\/p>\n<p><iframe loading=\"lazy\" title=\"VOGLIAMO ANCHE LE ROSE trailer\" width=\"640\" height=\"480\" src=\"https:\/\/www.youtube.com\/embed\/BykxkrmLuws?feature=oembed\" frameborder=\"0\" allow=\"accelerometer; autoplay; encrypted-media; gyroscope; picture-in-picture\" allowfullscreen><\/iframe><\/p>\n<p>&#8220;Ho voluto ripercorrere la storia delle donne tra la met\u00e0 degli anni Sessanta e la fine degli anni Settanta per metterla in relazione, a partire dal &#8216;caso italiano&#8217;, con il nostro presente globale, conflittuale e contraddittorio. Con l&#8217;intenzione di offrire uno spunto di riflessione su temi ancora oggi parzialmente irrisolti o oppure addirittura platealmente rimessi in discussione.&#8221;, dichiara la regista Alina Marazzi. La liberazione sessuale e il movimento femminista hanno provocato profondi cambiamenti nel costume italiano. Come vengono vissuti questi cambiamenti dalle generazioni che non li hanno attraversati? Questo documentario, strumento potente, intimo e diretto, racconta le conquiste di un&#8217;Italia persa nel tempo.<\/p>\n<hr \/>\n<p>&nbsp;<\/p>\n","protected":false},"excerpt":{"rendered":"<p>Fortapasc di Marco Risi con Libero de Rienzo, Valentina Lodovini, Michele Riondino, Massimiliano Gallo, Ernesto Mahieux Italia, 2008, 108 min.<\/p>\n","protected":false},"author":1,"featured_media":0,"parent":443,"menu_order":1,"comment_status":"closed","ping_status":"closed","template":"","meta":{"_links_to":"","_links_to_target":""},"aioseo_notices":[],"_links":{"self":[{"href":"https:\/\/cinemovel.tv\/sic\/2019\/wp-json\/wp\/v2\/pages\/599"}],"collection":[{"href":"https:\/\/cinemovel.tv\/sic\/2019\/wp-json\/wp\/v2\/pages"}],"about":[{"href":"https:\/\/cinemovel.tv\/sic\/2019\/wp-json\/wp\/v2\/types\/page"}],"author":[{"embeddable":true,"href":"https:\/\/cinemovel.tv\/sic\/2019\/wp-json\/wp\/v2\/users\/1"}],"replies":[{"embeddable":true,"href":"https:\/\/cinemovel.tv\/sic\/2019\/wp-json\/wp\/v2\/comments?post=599"}],"version-history":[{"count":0,"href":"https:\/\/cinemovel.tv\/sic\/2019\/wp-json\/wp\/v2\/pages\/599\/revisions"}],"up":[{"embeddable":true,"href":"https:\/\/cinemovel.tv\/sic\/2019\/wp-json\/wp\/v2\/pages\/443"}],"wp:attachment":[{"href":"https:\/\/cinemovel.tv\/sic\/2019\/wp-json\/wp\/v2\/media?parent=599"}],"curies":[{"name":"wp","href":"https:\/\/api.w.org\/{rel}","templated":true}]}}