{"id":602,"date":"2019-08-21T17:16:18","date_gmt":"2019-08-21T15:16:18","guid":{"rendered":"https:\/\/cinemovel.tv\/sic\/?page_id=602"},"modified":"2019-08-21T17:16:18","modified_gmt":"2019-08-21T15:16:18","slug":"inclusione-e-nuove-poverta","status":"publish","type":"page","link":"https:\/\/cinemovel.tv\/sic\/2019\/film\/inclusione-e-nuove-poverta\/","title":{"rendered":"Inclusione e nuove povert\u00e0"},"content":{"rendered":"<h1>La guerra dei cafoni<\/h1>\n<p>di <strong>Davide Barletti<\/strong> e <strong>Lorenzo Conte<\/strong><br \/>\ncon Pasquale Patruno, Letizia Pia Cartolaro, Donato Paterno, Angelo Pignatelli, Alice Azzariti<br \/>\nItalia, 2017. 90 min.<\/p>\n<p><iframe loading=\"lazy\" title=\"La guerra dei cafoni - Trailer Ufficiale\" width=\"640\" height=\"360\" src=\"https:\/\/www.youtube.com\/embed\/3h9p-0AADR0?feature=oembed\" frameborder=\"0\" allow=\"accelerometer; autoplay; encrypted-media; gyroscope; picture-in-picture\" allowfullscreen><\/iframe><\/p>\n<p>L\u2019eterna lotta tra ricchi e poveri rivive in una guerra tra due bande di adolescenti, in una Puglia magica dove \u00e8 bandita ogni presenza adulta. A Torrematta, territorio selvaggio e sconfinato in cui non vi \u00e8 traccia di adulti se si esclude il gestore di un capanno-bar, ogni estate si combatte una lotta tra bande: da una parte i figli dei ricchi, i signori, e dall&#8217;altra i figli della terra, i cafoni. Davide Barletti e Lorenzo Conte sono riusciti a portare con successo sullo schermo un progetto ambizioso. A partire dal casting, formato da adolescenti alla loro prima esperienza cinematografica, un lungo percorso laboratoriale li ha condotti a prestazioni di estrema naturalezza fondamentali per l&#8217;esito di una messa in scena complessa, ispirata al romanzo omonimo di Carlo D&#8217;Amicis.<\/p>\n<hr \/>\n<h1>La nave dolce<\/h1>\n<p>di <strong>Daniele Vicari<\/strong><br \/>\ncon Eva Karafili, Agron Sula, Halim Milaqi, Robert Budina, Eduart Cota, Alia Ervis, Ali Margjeka, Giuseppe Belviso, Nicola Montano, Domenico Stea, Fortunata Dell\u2019Orzo, Luca Turi, Raffaele Nigro<br \/>\nItalia, Albania, 2012. 90 min.<\/p>\n<p><iframe loading=\"lazy\" title=\"La Nave Dolce - Trailer\" width=\"640\" height=\"360\" src=\"https:\/\/www.youtube.com\/embed\/RIDOMHym7p4?feature=oembed\" frameborder=\"0\" allow=\"accelerometer; autoplay; encrypted-media; gyroscope; picture-in-picture\" allowfullscreen><\/iframe><\/p>\n<p>Il caldo, la sete, la luna, la folla, la solidariet\u00e1, le luci di Brindisi, il cambio di rotta, le risate, il segno della vittoria, lo stadio di Bari, la fame, le rivolte: sono diversi e dettagliati i ricordi delle persone intervistate nel documentario di Daniele Vicari. La nave dolce narra la storia di Vlora, la nave che l&#8217;8 agosto del 1991 ha portato ventimila persone albanesi in Italia. I racconti della vita vissuta in un regime, da cosa scappavano queste persone? L&#8217;arrivo a Bari, la speranza nell&#8217;Italia, mondo diverso veicolato dalle immagini della televisione. E una volta qui, che succede? Il documentario alterna i racconti e le immagini di un viaggio e di uno sbarco disperato, di chi si buttava dalla nave per ascoltare il proprio bisogno di libert\u00e0, di chi si affidava all&#8217;ignoto.<\/p>\n<hr \/>\n<h1>La mia classe<\/h1>\n<p>di <strong>Daniele Gaglianone<\/strong><br \/>\ncon Valerio Mastandrea, Bassirou Ballde, Mamon Bhuiyan, Gregorio Cabral, Jessica Canahuire Laura<br \/>\nItalia, 2013. 92 min.<\/p>\n<p><iframe loading=\"lazy\" title=\"La mia classe - Trailer Italiano\" width=\"640\" height=\"360\" src=\"https:\/\/www.youtube.com\/embed\/I2RUZ8-hu-w?feature=oembed\" frameborder=\"0\" allow=\"accelerometer; autoplay; encrypted-media; gyroscope; picture-in-picture\" allowfullscreen><\/iframe><\/p>\n<p>Ambientata nel quartiere multietnico del Pigneto a Roma, La mia classe \u00e8 la storia di una classe di emigranti e stranieri che imparano l\u2019italiano. Il film si compone delle vicende individuali degli studenti e dell\u2019insegnante: un racconto vero che nasce tra mura scolastiche non convenzionali. Un racconto vero? Certamente per le voci e i ricordi dei ragazzi che siedono sui banchi; diversamente vero per l\u2019attore Mastandrea che si cala nel ruolo del loro insegnante; altrimenti vero per il regista e la troupe che entrano ed escono di scena in un incrocio di esperienze reali e di ricerca della verit\u00e0 nella finzione che si rivela essere l\u2019autentico nucleo narrativo di questa storia. Pi\u00f9 vera del vero.<\/p>\n<hr \/>\n<h1>Fiore<\/h1>\n<p>di <strong>Claudio Giovannesi<\/strong><br \/>\ncon Daphne Scoccia, Josciua Algeri, Laura Vasiliu, Aniello Arena, Gessica Giulianelli<br \/>\nItalia, Francia, 2016. 110 min.<\/p>\n<p><iframe loading=\"lazy\" title=\"FIORE - Trailer Ufficiale\" width=\"640\" height=\"360\" src=\"https:\/\/www.youtube.com\/embed\/XBpVt7SiLVM?feature=oembed\" frameborder=\"0\" allow=\"accelerometer; autoplay; encrypted-media; gyroscope; picture-in-picture\" allowfullscreen><\/iframe><\/p>\n<p>Dafne, ragazza adolescente, ribelle, selvatica, in riformatorio non placa la sua energia, anzi. Incontra Josh, furtivamente si propone di aiutarlo a risolvere i suoi problemi sentimentali con la ragazza che non riesce a contattare telefonicamente. Nonostante in due ale diverse del riformatorio, i due ragazzi riescono a trovare il modo di conoscersi, sostenersi, addirittura amarsi e litigare: i loro sentimenti non vedono ostacoli nello spazio che li circonda. Una vitalit\u00e0 inarrestabile. Giovannesi trasforma 4 mesi di esperienza di insegnamento volontario in un carcere minorile di Roma, nell\u2019Istituto Penale per i Minori di Casal del Marmo, in un film senza retorica n\u00e8 buonismo, in un tuffo nelle difficolt\u00e0 della vita e nella forza della giovent\u00f9.<\/p>\n<hr \/>\n<h1>Le invisibili<\/h1>\n<p>di <strong>Louis-Julien Petit<\/strong><br \/>\ncon Audrey Lamy, Corinne Masiero, No\u00e9mie Lvovsky, D\u00e9borah Lukumuena, Sarah Suco<br \/>\nFrancia, 2018. 102 min.<\/p>\n<p><iframe loading=\"lazy\" title=\"LE INVISIBILI Trailer ufficiale ITA HD\" width=\"640\" height=\"360\" src=\"https:\/\/www.youtube.com\/embed\/uoSCbXQHECA?feature=oembed\" frameborder=\"0\" allow=\"accelerometer; autoplay; encrypted-media; gyroscope; picture-in-picture\" allowfullscreen><\/iframe><\/p>\n<p>Una brillante commedia sociale sul quotidiano di donne che vivono in strada. Quelle donne \u201csenza fissa dimora\u201d, a volte sporche e con il guardaroba in busta di plastica, che nessuno vuole vedere davvero. Le Invisibili affronta una tematica sociale di grande attualit\u00e0 con una comicit\u00e0 molto amara, ma \u00e8 un film luminoso e con un messaggio pieno di speranza. Non c\u2019\u00e8 tempo per l\u2019autocommiserazione e la tristezza, bisogna muoversi e agire gettando il cuore oltre l\u2019ostacolo. L\u2019unico modo per uscire dall\u2019abbandono \u00e8 la forza e la coesione del gruppo, vero punto di forza della storia e del film stesso grazie ad un cast ben amalgamato e di grande talento.<\/p>\n<hr \/>\n<h1>Come un gatto in tangenziale<\/h1>\n<p>di <strong>Riccardo Milani<\/strong><br \/>\ncon Paola Cortellesi, Antonio Albanese, Sonia Bergamasco, Luca Angeletti, Antonio D\u2019Ausilio<br \/>\nItalia, 2018. 98 min.<\/p>\n<p><iframe loading=\"lazy\" title=\"Come un gatto in tangenziale (2017) - Trailer Ufficiale\" width=\"640\" height=\"360\" src=\"https:\/\/www.youtube.com\/embed\/PkGShSJaTo0?feature=oembed\" frameborder=\"0\" allow=\"accelerometer; autoplay; encrypted-media; gyroscope; picture-in-picture\" allowfullscreen><\/iframe><\/p>\n<p>Una commedia leggera che porta sul grande schermo il tema della disuguaglianza sociale e delle periferie. Cosa accade quando, dal teorizzare la riqualificazione delle periferie guardandole da una situazione di privilegio, si passa a viverle? \u00c8 possibile superare la, ormai consolidata, incomunicabilit\u00e0 tra centro e periferia? Il racconto si snoda attraverso le vite di due famiglie e tra due mondi diversi. Questi due mondi riusciranno ad incontrarsi davvero? E, soprattutto, riusciranno a comprendersi? Con personaggi a volte estremizzati, Milani, riesce a fare interrogare lo spettatore, mettendo al centro l\u2019ipocrisia di una piccola borghesia che si ritiene illuminata.<\/p>\n<hr \/>\n","protected":false},"excerpt":{"rendered":"<p>La guerra dei cafoni di Davide Barletti e Lorenzo Conte con Pasquale Patruno, Letizia Pia Cartolaro, Donato Paterno, Angelo Pignatelli,<\/p>\n","protected":false},"author":1,"featured_media":0,"parent":443,"menu_order":2,"comment_status":"closed","ping_status":"closed","template":"","meta":{"_links_to":"","_links_to_target":""},"aioseo_notices":[],"_links":{"self":[{"href":"https:\/\/cinemovel.tv\/sic\/2019\/wp-json\/wp\/v2\/pages\/602"}],"collection":[{"href":"https:\/\/cinemovel.tv\/sic\/2019\/wp-json\/wp\/v2\/pages"}],"about":[{"href":"https:\/\/cinemovel.tv\/sic\/2019\/wp-json\/wp\/v2\/types\/page"}],"author":[{"embeddable":true,"href":"https:\/\/cinemovel.tv\/sic\/2019\/wp-json\/wp\/v2\/users\/1"}],"replies":[{"embeddable":true,"href":"https:\/\/cinemovel.tv\/sic\/2019\/wp-json\/wp\/v2\/comments?post=602"}],"version-history":[{"count":0,"href":"https:\/\/cinemovel.tv\/sic\/2019\/wp-json\/wp\/v2\/pages\/602\/revisions"}],"up":[{"embeddable":true,"href":"https:\/\/cinemovel.tv\/sic\/2019\/wp-json\/wp\/v2\/pages\/443"}],"wp:attachment":[{"href":"https:\/\/cinemovel.tv\/sic\/2019\/wp-json\/wp\/v2\/media?parent=602"}],"curies":[{"name":"wp","href":"https:\/\/api.w.org\/{rel}","templated":true}]}}