{"id":604,"date":"2019-08-21T17:17:19","date_gmt":"2019-08-21T15:17:19","guid":{"rendered":"https:\/\/cinemovel.tv\/sic\/?page_id=604"},"modified":"2019-08-21T17:17:19","modified_gmt":"2019-08-21T15:17:19","slug":"memoria-2","status":"publish","type":"page","link":"https:\/\/cinemovel.tv\/sic\/2019\/film\/memoria-2\/","title":{"rendered":"Memoria"},"content":{"rendered":"<h1>I 100 passi<\/h1>\n<p>di <strong>Marco Tullio Giordana<\/strong><br \/>\ncon Luigi Lo Cascio, Luigi Maria Burruano, Lucia Sardo, Paolo Briguglia, Tony Sperandeo<br \/>\nItalia, 2000. 114 min.<\/p>\n<p><iframe loading=\"lazy\" title=\"I Cento Passi - Trailer italiano\" width=\"640\" height=\"480\" src=\"https:\/\/www.youtube.com\/embed\/42OOzpUgXzs?feature=oembed\" frameborder=\"0\" allow=\"accelerometer; autoplay; encrypted-media; gyroscope; picture-in-picture\" allowfullscreen><\/iframe><\/p>\n<p>La storia di Peppino Impastato: le sue lotte, la sua poesia, il suo impegno civile. Anni Settanta. La mafia domina e controlla la vita quotidiana di Cinisi, piccolo paese siciliano vicino Palermo. Il film ci racconta come Peppino abbia scelto con forza ed energia da che parte stare, ricordandoci che la lotta alla mafia \u00e8 un dovere di tutti. Sono solo cento i passi tra la sua casa e quella del boss Badalamenti. Monica Zapelli, Claudio Fava e Marco Tullio Giordana, grazie a questo film, riportano alla luce una storia vera, oscurata da altri fatti politici: il giorno della morte di Peppino coincide con il ritrovamento del corpo di Aldo Moro. La scomparsa di Impastato non ha nessun rilievo nei mezzi di comunicazione. Che funzione ha questo film per la storia di Peppino e per i suoi familiari? E per le migliaia di giovani che rimangono affascinati dalla sua figura? Un premio ai Nastri d\u2019Argento, quattro David di Donatello; il film \u00e8 stato premiato al Festival di Venezia e ha ottenuto una candidatura al Golden Globes.<\/p>\n<hr \/>\n<h1>Lea<\/h1>\n<p>di <strong>Marco Tullio Giordana<\/strong><br \/>\ncon Vanessa Scalera, Linda Caridi, Alessio Pratic\u00f2, Mauro Conte, Antonio Pannarella<br \/>\nItalia 2015. 95 min.<\/p>\n<p><iframe loading=\"lazy\" title=\"Film LEA Trailer de UT\" width=\"640\" height=\"360\" src=\"https:\/\/www.youtube.com\/embed\/1VBP9x31ebY?feature=oembed\" frameborder=\"0\" allow=\"accelerometer; autoplay; encrypted-media; gyroscope; picture-in-picture\" allowfullscreen><\/iframe><\/p>\n<p>Il 24 novembre 2009, a Milano, una donna calabrese scompare, senza tracce, a soli 35 anni. A cercarla la figlia, non ancora maggiorenne. La storia di Lea e di Denise viene raccontata da Marco Tullio Giordana in questo film: una storia di coraggio. Lea, ex testimone di giustizia, anni prima aveva denunciato l\u2019ex compagno, padre di sua figlia, \u2018ndranghetista, per cercare di assicurare a Denise una vita onesta. Oggi Denise vive sotto protezione, con un\u2019identit\u00e0 segreta. Un film delicato e forte allo stesso tempo, che ci racconta della crudelt\u00e0 della \u2018ndrangheta e della forza di chi, con convinzione, decide di opporsi alle sue regole.<\/p>\n<hr \/>\n<h1>Prima che la notte<\/h1>\n<p>di <strong>Daniele Vicari<\/strong><br \/>\ncon Fabrizio Gifuni, Selene Caramazza, Aurora Quattrocchi, Lorenza Indovina, Carlo Calderone<br \/>\nItalia, 2018. 120 min.<\/p>\n<p><iframe loading=\"lazy\" src=\"https:\/\/www.youtube.com\/embed\/-8dYNehsOrg\" width=\"560\" height=\"315\" frameborder=\"0\" allowfullscreen=\"allowfullscreen\"><\/iframe><\/p>\n<p>Pippo Fava. 1980. Catania. L\u2019apertura di un giornale, una redazione composta per la maggior parte da giovani. Obiettivo: scrivere senza censure, soprattutto nei confronti della mafia. Curiosit\u00e0, entusiasmo, impegno giovanile a contatto con sguardo acuto e intelligenza. Daniele Vicari ripercorre gli ultimi quattro anni della vita di un giornalista indomito, poliedrico, intrecciando il lavoro alla sua vita personale. E\u2019 un grande privilegio entrare in questa storia cos\u00ec, nella storia di un maestro che ha saputo trasmettere a diversi ragazzi il desiderio di urlare forte la verit\u00e0, anche dopo la sua morte, anche senza di lui.<\/p>\n<hr \/>\n<h1>La mafia uccide solo d\u2019estate<\/h1>\n<p>di <strong>Piefrancesco Diliberto<\/strong><br \/>\ncon Cristiana Capotondi, Pif, Ginevra Antona, Alex Bisconti, Claudio Gio\u00e9, Ninni Bruschetta<br \/>\nItalia, 2013. 120 min.<\/p>\n<p><iframe loading=\"lazy\" title=\"La mafia uccide solo d&#039;estate - trailer ufficiale\" width=\"640\" height=\"360\" src=\"https:\/\/www.youtube.com\/embed\/i7SfARhL9ws?feature=oembed\" frameborder=\"0\" allow=\"accelerometer; autoplay; encrypted-media; gyroscope; picture-in-picture\" allowfullscreen><\/iframe><\/p>\n<p>Come pu\u00f2 intrecciarsi la crescita di un bambino con alcuni dei fatti pi\u00f9 salienti della storia della mafia siciliana? Palermo, 1969, Viale Lazio, viene concepito Arturo Giammaresi. Sempre in viale Lazio, lo stesso giorno, alla stessa ora, i mafiosi Provenzano, Bagarella, D\u2019Agostino, Grado e Caruso uccidono il boss Cavataio, colpevole di aver scatenato la prima guerra di mafia. Attraverso lo sguardo innocente di un bambino che cresce e si interroga sul mondo, PIF ci porta indietro nel tempo, raccontando di come in Sicilia si consumava una delle pi\u00f9 cruente guerre di mafia. \u201cMa cos\u2019\u00e8 la mafia?\u201d si chiede Arturo. Non sono poche le figure che si affacciano in questo film, leggero e allo stesso tempo denso: gran parte della Storia degli ultimi decenni del nostro Paese entra a capolino nelle vicende di un bambino, poi giovane, curioso palermitano.<\/p>\n<hr \/>\n<h1>Alla luce del sole<\/h1>\n<p>di <strong>Roberto Faenza<\/strong><br \/>\ncon Luca Zingaretti, Alessia Goria, Corrado Fortuna, Giovanni Bozzolo, Francesco Forti<br \/>\nItalia, 2005. 90 min.<\/p>\n<p><iframe loading=\"lazy\" title=\"Alla luce del sole - Trailer Ita\" width=\"640\" height=\"480\" src=\"https:\/\/www.youtube.com\/embed\/vsqV520kmPo?feature=oembed\" frameborder=\"0\" allow=\"accelerometer; autoplay; encrypted-media; gyroscope; picture-in-picture\" allowfullscreen><\/iframe><\/p>\n<p>Brancaccio \u00e8 un quartiere alle porte di Palermo. Sono i ragazzi e i bambini i protagonisti di questo film. Luca Zingaretti interpreta Don Pino Puglisi, un prete che dal 1990 al 1993 si impegna nel quartiere per togliere nuove forze alla criminalit\u00e0 organizzata, coinvolgendo i pi\u00f9 giovani nelle attivit\u00e0 del centro \u201cPadre Nostro\u201d che istituisce a Brancaccio. \u201cSono venuto qua ad aiutare la gente per bene a camminare a testa alta\u201d, dice. Un film che ci mostra il potere e la forza dell\u2019educazione e di cosa hanno bisogno, anche ora, le nostre periferie.<\/p>\n<hr \/>\n","protected":false},"excerpt":{"rendered":"<p>I 100 passi di Marco Tullio Giordana con Luigi Lo Cascio, Luigi Maria Burruano, Lucia Sardo, Paolo Briguglia, Tony Sperandeo<\/p>\n","protected":false},"author":1,"featured_media":0,"parent":443,"menu_order":3,"comment_status":"closed","ping_status":"closed","template":"","meta":{"_links_to":"","_links_to_target":""},"aioseo_notices":[],"_links":{"self":[{"href":"https:\/\/cinemovel.tv\/sic\/2019\/wp-json\/wp\/v2\/pages\/604"}],"collection":[{"href":"https:\/\/cinemovel.tv\/sic\/2019\/wp-json\/wp\/v2\/pages"}],"about":[{"href":"https:\/\/cinemovel.tv\/sic\/2019\/wp-json\/wp\/v2\/types\/page"}],"author":[{"embeddable":true,"href":"https:\/\/cinemovel.tv\/sic\/2019\/wp-json\/wp\/v2\/users\/1"}],"replies":[{"embeddable":true,"href":"https:\/\/cinemovel.tv\/sic\/2019\/wp-json\/wp\/v2\/comments?post=604"}],"version-history":[{"count":0,"href":"https:\/\/cinemovel.tv\/sic\/2019\/wp-json\/wp\/v2\/pages\/604\/revisions"}],"up":[{"embeddable":true,"href":"https:\/\/cinemovel.tv\/sic\/2019\/wp-json\/wp\/v2\/pages\/443"}],"wp:attachment":[{"href":"https:\/\/cinemovel.tv\/sic\/2019\/wp-json\/wp\/v2\/media?parent=604"}],"curies":[{"name":"wp","href":"https:\/\/api.w.org\/{rel}","templated":true}]}}